{"id":28,"date":"2021-10-20T15:38:46","date_gmt":"2021-10-20T13:38:46","guid":{"rendered":"https:\/\/www.rhyhafe-waggis.ch\/rh\/?page_id=28"},"modified":"2023-03-06T11:34:32","modified_gmt":"2023-03-06T10:34:32","slug":"passiv","status":"publish","type":"page","link":"https:\/\/www.rhyhafe-waggis.ch\/rh\/?page_id=28","title":{"rendered":"Mitgliedschaft"},"content":{"rendered":"\n<p>Willst du auch zur Rhyhafe-Familie geh\u00f6ren? Dann warte nicht l\u00e4nger und werde jetzt Passivmitglied.<\/p>\n\n\n\n<p>Als Passivmitglied unterst\u00fctzt du nicht nur die Clique, sondern bist ein vollwertiges Mitglied und herzlich eingeladen am Vereinsleben teilzunehmen. Unter anderem erwarten dich die folgenden Highlights:<\/p>\n\n\n\n<ul class=\"wp-block-list\">\n<li>Teilnahme an der Wageneinweihung<\/li>\n\n\n\n<li>Familienbummel<\/li>\n\n\n\n<li>Monatliche &#8222;Schlemmer-Hocks&#8220; in unserem Cliquenkeller<\/li>\n\n\n\n<li>und noch vieles mehr<\/li>\n<\/ul>\n\n\n\n<hr class=\"wp-block-separator has-css-opacity\"\/>\n\n\n\n<h2 class=\"wp-block-heading\">Melde dich jetzt an!<\/h2>\n\n\n<div class=\"wpforms-container wpforms-container-full wpforms-block\" id=\"wpforms-95\"><form id=\"wpforms-form-95\" class=\"wpforms-validate wpforms-form wpforms-ajax-form\" data-formid=\"95\" method=\"post\" enctype=\"multipart\/form-data\" action=\"\/rh\/index.php?rest_route=%2Fwp%2Fv2%2Fpages%2F28\" data-token=\"7407dff6beddff5851c9b79a7a76bd32\" data-token-time=\"1778156546\"><noscript class=\"wpforms-error-noscript\">Bitte aktiviere JavaScript in deinem Browser, um dieses Formular fertigzustellen.<\/noscript><div class=\"wpforms-field-container\"><div id=\"wpforms-95-field_1-container\" class=\"wpforms-field wpforms-field-select wpforms-field-select-style-modern\" data-field-id=\"1\"><label class=\"wpforms-field-label\" for=\"wpforms-95-field_1\">Beitrittsgesuch als: <span class=\"wpforms-required-label\">*<\/span><\/label><select id=\"wpforms-95-field_1\" class=\"wpforms-field-medium wpforms-field-required choicesjs-select\" data-size-class=\"wpforms-field-row wpforms-field-medium\" data-search-enabled=\"\" name=\"wpforms[fields][1]\" required=\"required\"><option value=\"\" class=\"placeholder\" disabled >Familie (60.-)<\/option><option value=\"Familie (60.-)\"  selected='selected'>Familie (60.-)<\/option><option value=\"Einzelperson (40.-)\" >Einzelperson (40.-)<\/option><\/select><\/div><div id=\"wpforms-95-field_10-container\" class=\"wpforms-field wpforms-field-text wpforms-one-half wpforms-first\" data-field-id=\"10\"><label class=\"wpforms-field-label\" for=\"wpforms-95-field_10\">Vorname, Name <span class=\"wpforms-required-label\">*<\/span><\/label><input type=\"text\" id=\"wpforms-95-field_10\" class=\"wpforms-field-large wpforms-field-required\" name=\"wpforms[fields][10]\" required><\/div><div id=\"wpforms-95-field_5-container\" class=\"wpforms-field wpforms-field-text wpforms-one-half\" data-field-id=\"5\"><label class=\"wpforms-field-label\" for=\"wpforms-95-field_5\">Geburtsdatum <span class=\"wpforms-required-label\">*<\/span><\/label><input type=\"text\" id=\"wpforms-95-field_5\" class=\"wpforms-field-large wpforms-field-required\" name=\"wpforms[fields][5]\" required><\/div><div id=\"wpforms-95-field_12-container\" class=\"wpforms-field wpforms-field-text wpforms-one-half wpforms-first\" data-field-id=\"12\"><label class=\"wpforms-field-label\" for=\"wpforms-95-field_12\">Vorname, Name (2. Person)<\/label><input type=\"text\" id=\"wpforms-95-field_12\" class=\"wpforms-field-large\" name=\"wpforms[fields][12]\" ><\/div><div id=\"wpforms-95-field_3-container\" class=\"wpforms-field wpforms-field-text wpforms-one-half\" data-field-id=\"3\"><label class=\"wpforms-field-label\" for=\"wpforms-95-field_3\">Geburtsdatum (2. Person)<\/label><input type=\"text\" id=\"wpforms-95-field_3\" class=\"wpforms-field-large\" name=\"wpforms[fields][3]\" ><\/div><div id=\"wpforms-95-field_6-container\" class=\"wpforms-field wpforms-field-text wpforms-one-half wpforms-first\" data-field-id=\"6\"><label class=\"wpforms-field-label\" for=\"wpforms-95-field_6\">Adresse <span class=\"wpforms-required-label\">*<\/span><\/label><input type=\"text\" id=\"wpforms-95-field_6\" class=\"wpforms-field-large wpforms-field-required\" name=\"wpforms[fields][6]\" required><\/div><div id=\"wpforms-95-field_7-container\" class=\"wpforms-field wpforms-field-text wpforms-one-half\" data-field-id=\"7\"><label class=\"wpforms-field-label\" for=\"wpforms-95-field_7\">PLZ\/Ort <span class=\"wpforms-required-label\">*<\/span><\/label><input type=\"text\" id=\"wpforms-95-field_7\" class=\"wpforms-field-large wpforms-field-required\" name=\"wpforms[fields][7]\" required><\/div><div id=\"wpforms-95-field_8-container\" class=\"wpforms-field wpforms-field-email\" data-field-id=\"8\"><label class=\"wpforms-field-label\" for=\"wpforms-95-field_8\">E-Mail <span class=\"wpforms-required-label\">*<\/span><\/label><input type=\"email\" id=\"wpforms-95-field_8\" class=\"wpforms-field-large wpforms-field-required\" name=\"wpforms[fields][8]\" spellcheck=\"false\" required><\/div><div id=\"wpforms-95-field_9-container\" class=\"wpforms-field wpforms-field-textarea\" data-field-id=\"9\"><label class=\"wpforms-field-label\" for=\"wpforms-95-field_9\">Bemerkungen<\/label><textarea id=\"wpforms-95-field_9\" class=\"wpforms-field-large\" name=\"wpforms[fields][9]\" ><\/textarea><\/div><\/div><!-- .wpforms-field-container --><div class=\"wpforms-submit-container\" ><input type=\"hidden\" name=\"wpforms[id]\" value=\"95\"><input type=\"hidden\" name=\"page_title\" value=\"\"><input type=\"hidden\" name=\"page_url\" value=\"https:\/\/www.rhyhafe-waggis.ch\/rh\/index.php?rest_route=\/wp\/v2\/pages\/28\"><input type=\"hidden\" name=\"url_referer\" value=\"\"><button type=\"submit\" name=\"wpforms[submit]\" id=\"wpforms-submit-95\" class=\"wpforms-submit\" data-alt-text=\"Senden...\" data-submit-text=\"Absenden\" aria-live=\"assertive\" value=\"wpforms-submit\">Absenden<\/button><img loading=\"lazy\" decoding=\"async\" src=\"https:\/\/www.rhyhafe-waggis.ch\/rh\/wp-content\/plugins\/wpforms-lite\/assets\/images\/submit-spin.svg\" class=\"wpforms-submit-spinner\" style=\"display: none;\" width=\"26\" height=\"26\" alt=\"Wird geladen\"><\/div><\/form><\/div>  <!-- .wpforms-container -->\n\n\n<p><\/p>\n\n\n\n<p><\/p>\n","protected":false},"excerpt":{"rendered":"<p>Willst du auch zur Rhyhafe-Familie geh\u00f6ren? Dann warte nicht l\u00e4nger und werde jetzt Passivmitglied. Als Passivmitglied unterst\u00fctzt du nicht nur [&hellip;]<\/p>\n","protected":false},"author":1,"featured_media":0,"parent":0,"menu_order":0,"comment_status":"closed","ping_status":"closed","template":"template-full-width.php","meta":{"footnotes":""},"class_list":["post-28","page","type-page","status-publish","hentry"],"_links":{"self":[{"href":"https:\/\/www.rhyhafe-waggis.ch\/rh\/index.php?rest_route=\/wp\/v2\/pages\/28","targetHints":{"allow":["GET"]}}],"collection":[{"href":"https:\/\/www.rhyhafe-waggis.ch\/rh\/index.php?rest_route=\/wp\/v2\/pages"}],"about":[{"href":"https:\/\/www.rhyhafe-waggis.ch\/rh\/index.php?rest_route=\/wp\/v2\/types\/page"}],"author":[{"embeddable":true,"href":"https:\/\/www.rhyhafe-waggis.ch\/rh\/index.php?rest_route=\/wp\/v2\/users\/1"}],"replies":[{"embeddable":true,"href":"https:\/\/www.rhyhafe-waggis.ch\/rh\/index.php?rest_route=%2Fwp%2Fv2%2Fcomments&post=28"}],"version-history":[{"count":7,"href":"https:\/\/www.rhyhafe-waggis.ch\/rh\/index.php?rest_route=\/wp\/v2\/pages\/28\/revisions"}],"predecessor-version":[{"id":359,"href":"https:\/\/www.rhyhafe-waggis.ch\/rh\/index.php?rest_route=\/wp\/v2\/pages\/28\/revisions\/359"}],"wp:attachment":[{"href":"https:\/\/www.rhyhafe-waggis.ch\/rh\/index.php?rest_route=%2Fwp%2Fv2%2Fmedia&parent=28"}],"curies":[{"name":"wp","href":"https:\/\/api.w.org\/{rel}","templated":true}]}}